{"id":24680,"date":"2023-10-18T05:08:25","date_gmt":"2023-10-18T05:08:25","guid":{"rendered":"https:\/\/jobmotivekft.hu\/?page_id=24680"},"modified":"2023-10-18T05:21:06","modified_gmt":"2023-10-18T05:21:06","slug":"koszonjuk","status":"publish","type":"page","link":"https:\/\/jobmotivekft.hu\/index.php\/koszonjuk\/","title":{"rendered":"K\u00f6sz\u00f6nj\u00fck"},"content":{"rendered":"<section class=\"wpb-content-wrapper\"><p>[vc_row full_width=&#8221;stretch_row&#8221; full_height=&#8221;yes&#8221; el_disable_tablet=&#8221;1&#8243; el_disable_mobile=&#8221;1&#8243; parallax=&#8221;content-moving&#8221; css=&#8221;.vc_custom_1674050306901{margin-bottom: 0px !important;background-image: url(https:\/\/jobmotivekft.hu\/wp-content\/uploads\/2023\/01\/Allasok-gyarimunka-jobmotive2.jpg?id=24536) !important;background-position: center;background-repeat: no-repeat;background-size: cover !important;}&#8221;][vc_column css=&#8221;.vc_custom_1454506608214{padding-top: 0px !important;padding-bottom: 0px !important;}&#8221; el_class=&#8221;custom-header&#8221;]<div class=\"clearboth\"><\/div><style>#thegem-divider-69f464c779a0a {margin-top: 80px !important;}<\/style><div id=\"thegem-divider-69f464c779a0a\" class=\"gem-divider  \" style=\"\" ><\/div>[vc_column_text]<\/p>\n<div class=\"title-h1\" style=\"text-align: center;\"><span class=\"light\" style=\"color: #ffffff;\">K\u00f6sz\u00f6nj\u00fck jelentkez\u00e9sed!<\/span><\/div>\n<p>[\/vc_column_text][vc_column_text]<\/p>\n<h3 style=\"text-align: center;\"><span style=\"color: #ffffff;\">Gratul\u00e1lunk! K\u00f6zelebb ker\u00fclt\u00e9l \u00faj munkahelyedhez, koll\u00e9g\u00e1nk hamarosan visszah\u00edv a r\u00e9szletekkel.<\/span><\/h3>\n<p>[\/vc_column_text]<div class=\"clearboth\"><\/div><style>#thegem-divider-69f464c779a31 {margin-top: 50px !important;}<\/style><div id=\"thegem-divider-69f464c779a31\" class=\"gem-divider  \" style=\"\" ><\/div>[\/vc_column][\/vc_row]<\/p>\n<\/section>","protected":false},"excerpt":{"rendered":"<p>[vc_row full_width=&#8221;stretch_row&#8221; full_height=&#8221;yes&#8221; el_disable_tablet=&#8221;1&#8243; el_disable_mobile=&#8221;1&#8243; parallax=&#8221;content-moving&#8221; css=&#8221;.vc_custom_1674050306901{margin-bottom: 0px !important;background-image: url(https:\/\/jobmotivekft.hu\/wp-content\/uploads\/2023\/01\/Allasok-gyarimunka-jobmotive2.jpg?id=24536) !important;background-position: center;background-repeat: no-repeat;background-size: cover !important;}&#8221;][vc_column css=&#8221;.vc_custom_1454506608214{padding-top: 0px !important;padding-bottom: 0px !important;}&#8221;&#8230;<\/p>\n","protected":false},"author":1,"featured_media":0,"parent":0,"menu_order":0,"comment_status":"closed","ping_status":"closed","template":"","meta":{"footnotes":""},"class_list":["post-24680","page","type-page","status-publish"],"_links":{"self":[{"href":"https:\/\/jobmotivekft.hu\/index.php\/wp-json\/wp\/v2\/pages\/24680","targetHints":{"allow":["GET"]}}],"collection":[{"href":"https:\/\/jobmotivekft.hu\/index.php\/wp-json\/wp\/v2\/pages"}],"about":[{"href":"https:\/\/jobmotivekft.hu\/index.php\/wp-json\/wp\/v2\/types\/page"}],"author":[{"embeddable":true,"href":"https:\/\/jobmotivekft.hu\/index.php\/wp-json\/wp\/v2\/users\/1"}],"replies":[{"embeddable":true,"href":"https:\/\/jobmotivekft.hu\/index.php\/wp-json\/wp\/v2\/comments?post=24680"}],"version-history":[{"count":6,"href":"https:\/\/jobmotivekft.hu\/index.php\/wp-json\/wp\/v2\/pages\/24680\/revisions"}],"predecessor-version":[{"id":24688,"href":"https:\/\/jobmotivekft.hu\/index.php\/wp-json\/wp\/v2\/pages\/24680\/revisions\/24688"}],"wp:attachment":[{"href":"https:\/\/jobmotivekft.hu\/index.php\/wp-json\/wp\/v2\/media?parent=24680"}],"curies":[{"name":"wp","href":"https:\/\/api.w.org\/{rel}","templated":true}]}}